{"id":2106,"date":"2016-10-03T18:15:47","date_gmt":"2016-10-03T18:15:47","guid":{"rendered":"https:\/\/demo09.houzez.co\/?page_id=2106"},"modified":"2022-08-23T12:58:06","modified_gmt":"2022-08-23T12:58:06","slug":"about-us","status":"publish","type":"page","link":"https:\/\/eugeniofarina.it\/index.php\/about-us\/","title":{"rendered":"Chi sono"},"content":{"rendered":"\t\t<div data-elementor-type=\"wp-post\" data-elementor-id=\"2106\" class=\"elementor elementor-2106\">\n\t\t\t\t\t\t\t\t\t<section class=\"elementor-section elementor-top-section elementor-element elementor-element-cc284a1 elementor-section-boxed elementor-section-height-default elementor-section-height-default elementor-invisible\" data-id=\"cc284a1\" data-element_type=\"section\" data-settings=\"{&quot;animation&quot;:&quot;fadeIn&quot;}\">\n\t\t\t\t\t\t<div class=\"elementor-container elementor-column-gap-default\">\n\t\t\t\t\t<div class=\"elementor-column elementor-col-100 elementor-top-column elementor-element elementor-element-00f0c9e\" data-id=\"00f0c9e\" data-element_type=\"column\">\n\t\t\t<div class=\"elementor-widget-wrap elementor-element-populated\">\n\t\t\t\t\t\t\t\t<div class=\"elementor-element elementor-element-5862568 elementor-widget elementor-widget-heading\" data-id=\"5862568\" data-element_type=\"widget\" data-widget_type=\"heading.default\">\n\t\t\t\t<div class=\"elementor-widget-container\">\n\t\t\t<style>\/*! elementor - v3.15.0 - 20-08-2023 *\/\n.elementor-heading-title{padding:0;margin:0;line-height:1}.elementor-widget-heading .elementor-heading-title[class*=elementor-size-]>a{color:inherit;font-size:inherit;line-height:inherit}.elementor-widget-heading .elementor-heading-title.elementor-size-small{font-size:15px}.elementor-widget-heading .elementor-heading-title.elementor-size-medium{font-size:19px}.elementor-widget-heading .elementor-heading-title.elementor-size-large{font-size:29px}.elementor-widget-heading .elementor-heading-title.elementor-size-xl{font-size:39px}.elementor-widget-heading .elementor-heading-title.elementor-size-xxl{font-size:59px}<\/style><h2 class=\"elementor-heading-title elementor-size-large\">Chi sono<\/h2>\t\t<\/div>\n\t\t\t\t<\/div>\n\t\t\t\t<div class=\"elementor-element elementor-element-26525ad elementor-widget elementor-widget-houzez_elementor_space\" data-id=\"26525ad\" data-element_type=\"widget\" data-widget_type=\"houzez_elementor_space.default\">\n\t\t\t\t<div class=\"elementor-widget-container\">\n\t\t\t        <div class=\"houzez-spacer\">\n            <div class=\"houzez-spacer-inner\"><\/div>\n        <\/div>\n        \t\t<\/div>\n\t\t\t\t<\/div>\n\t\t\t\t<div class=\"elementor-element elementor-element-cad0269 elementor-widget elementor-widget-image\" data-id=\"cad0269\" data-element_type=\"widget\" data-widget_type=\"image.default\">\n\t\t\t\t<div class=\"elementor-widget-container\">\n\t\t\t<style>\/*! elementor - v3.15.0 - 20-08-2023 *\/\n.elementor-widget-image{text-align:center}.elementor-widget-image a{display:inline-block}.elementor-widget-image a img[src$=\".svg\"]{width:48px}.elementor-widget-image img{vertical-align:middle;display:inline-block}<\/style>\t\t\t\t\t\t\t\t\t\t\t\t<img loading=\"lazy\" decoding=\"async\" width=\"140\" height=\"199\" src=\"https:\/\/eugeniofarina.it\/wp-content\/uploads\/2022\/05\/eugenio_farina.jpeg\" class=\"attachment-large size-large wp-image-3356\" alt=\"\" \/>\t\t\t\t\t\t\t\t\t\t\t\t\t\t\t<\/div>\n\t\t\t\t<\/div>\n\t\t\t\t<div class=\"elementor-element elementor-element-a31fd8d elementor-drop-cap-yes elementor-drop-cap-view-default elementor-widget elementor-widget-text-editor\" data-id=\"a31fd8d\" data-element_type=\"widget\" data-settings=\"{&quot;drop_cap&quot;:&quot;yes&quot;}\" data-widget_type=\"text-editor.default\">\n\t\t\t\t<div class=\"elementor-widget-container\">\n\t\t\t<style>\/*! elementor - v3.15.0 - 20-08-2023 *\/\n.elementor-widget-text-editor.elementor-drop-cap-view-stacked .elementor-drop-cap{background-color:#69727d;color:#fff}.elementor-widget-text-editor.elementor-drop-cap-view-framed .elementor-drop-cap{color:#69727d;border:3px solid;background-color:transparent}.elementor-widget-text-editor:not(.elementor-drop-cap-view-default) .elementor-drop-cap{margin-top:8px}.elementor-widget-text-editor:not(.elementor-drop-cap-view-default) .elementor-drop-cap-letter{width:1em;height:1em}.elementor-widget-text-editor .elementor-drop-cap{float:left;text-align:center;line-height:1;font-size:50px}.elementor-widget-text-editor .elementor-drop-cap-letter{display:inline-block}<\/style>\t\t\t\t<p style=\"text-align: left;\"><strong>Eugenio Farina, il consulente immobiliare con la passione per la poesia<br><\/strong> <br>Un&#8217;esperienza di lungo corso prima come consulente del lavoro, agli esordi professionali dopo il diploma di geometra conseguito a Castiglione delle Stiviere, e in seguito come stimato e apprezzato consulente immobiliare, ruolo che gli ha consentito di avere clienti importanti da ogni parte del mondo, sino ad arricchire il proprio percorso di vita con l&#8217;amore per la poesia. Sono poche righe che naturalmente non sono minimamente sufficienti per condensare l&#8217;attivit\u00e0 entusiasta della vita e del lavoro di Eugenio Farina, desenzanese originario di Trento, classe 1955, che da sempre nutre una passione per la scrittura e per la poesia in particolare, mondo che &#8220;frequenta&#8221; fin dal 1981 quando usc\u00ec la sua prima raccolta dal titolo &#8220;Calicantus&#8221;.&nbsp;<\/p><p style=\"text-align: left;\">Professione e attivit\u00e0 letteraria, impegno e hobby trovano in lui una felice unione che si amalgama nel corso del tempo offrendo sempre nuovi input creativi e una costante dedizione alle parole. Per Farina &#8220;la poesia \u00e8 esigenza interiore, spinta che lo impegna dall&#8217;et\u00e0 di nove anni e che nasce dal desiderio di &#8216;ritrarre&#8217; la natura e il quotidiano senza l&#8217;ausilio di tavolozza a colori&#8221;. Si considera un `acquarellista&#8217; dei versi&#8217;, o anche, per usare una delle sue pi\u00f9 celebri espressioni, &#8220;un pilota di Formula Uno che negli ultimi tempi si \u00e8 ritirato in go kart&#8221; a significare quanto una vita piena, ricca, intensa di lavoro si sia dolcemente orientata nel recente passato e tuttora a veleggiare verso i lidi della famiglia, dopo la morte della moglie, il nuovo matrimonio, i figli. <br>Cos\u00ec dopo i primi passi nel genere della poesia ecco la raccolta di cartelle litografiche &#8220;Immagini comuni&#8221; e nel 1984 il volume &#8220;rosso papavero&#8221; che chiude di fatto il ciclo giovanile. Si susseguiranno successivamente altre raccolte per arrivare nel 1997 a &#8220;Il giardino del pettirosso&#8221; che precede di un anno nuove cartelle litografiche di inediti dal titolo &#8220;Gli oleandri&#8221;.<br>Forte l&#8217;amicizia con il pittore Athos Faccincani che lo ha voluto spesso accanto a s\u00e9 utilizzando molti suoi versi all&#8217;interno delle note serigrafie. Ma sarebbe impensabile fare un elenco degli amici illustri che Farina ha conosciuto negli anni e che lo hanno scelto come partner strategico in ambito professionale. Il suo, di fatto, \u00e8 diventato un vero e proprio marchio accertato di possibilit\u00e0 espressive basti pensare al valore delle sue pubblicazioni dedicate ai parchi di divertimento, primo a rendere possibile una conoscenza ampia di questa tipologia di attivit\u00e0. Un altro aspetto importante riguarda la tiratura limitata dei suoi libri e l&#8217;autografo originale per quanto riguarda le litografie, un segno di distinzione dalla massa. <br>&#8220;Non ho mai speso un euro per pubblicare \u2014 ricorda Farina \u2014 perch\u00e9 ogni volume lo pago con gli sponsor che curo costantemente. Solo cos\u00ec ho potuto nell&#8217;arco del tempo superare il milione di copie donate, numero inavvicinabile a quello anche dei poeti pi\u00f9 noti. E, altra cosa significativa, non esistono &#8216;acquirenti&#8217; dei miei libri poich\u00e9 da sempre sono contrario alle vendite. Ogni pezzo della mia collezione, infatti, pu\u00f2 solo essere regalato e questo non per un vezzo o per scelta politica bens\u00ec per far apparire la poesia della sua essenza strutturale pi\u00f9 autentica&#8221;. Una scelta originale, certamente, che fa di Eugenio Farina un artista delle lettere controcorrente. <br>Ma di cosa tratta in particolare nelle poesie? Il tema del viaggio \u00e8 probabilmente quello pi\u00f9 presente e questo perch\u00e9, come si anticipava, il consulente immobiliare ha davvero girato tutto il mondo immagazzinando cos\u00ec conoscenze, storie, vite vissute, immagini, sensazioni, ambienti che poi<br>&nbsp;trasporta nei versi: significative, tra le altre, sono state le esperienza in Cina e Giappone nel 1986 mentre Usa e Canada lo hanno accolto a pi\u00f9 riprese tra il 1985 e il 1994. <br>Cosa riserver\u00e0 il futuro a questo appassionato cultore della parola? Di nuovo c&#8217;\u00e8 che il prossimo libro di imminente uscita sar\u00e0 dedicato alla figura femminile, una sorta di tributo alla donna in tutte le sue forme e, naturalmente, in poesia. Non resta pertanto che attendere l&#8217;ennesima opera letteraria che trover\u00e0 felice collocazione nelle case di moltissimi amanti del bello scrivere. Il marchio Eugenio Farina non ha ancora smesso di produrre capolavori e, anzi, molto ha ancora da dire. (fe.mi.) <br>N. 71 R<\/p>\t\t\t\t\t\t<\/div>\n\t\t\t\t<\/div>\n\t\t\t\t<div class=\"elementor-element elementor-element-6506df2 elementor-widget elementor-widget-houzez_elementor_space\" data-id=\"6506df2\" data-element_type=\"widget\" data-widget_type=\"houzez_elementor_space.default\">\n\t\t\t\t<div class=\"elementor-widget-container\">\n\t\t\t        <div class=\"houzez-spacer\">\n            <div class=\"houzez-spacer-inner\"><\/div>\n        <\/div>\n        \t\t<\/div>\n\t\t\t\t<\/div>\n\t\t\t\t\t<\/div>\n\t\t<\/div>\n\t\t\t\t\t\t\t<\/div>\n\t\t<\/section>\n\t\t\t\t<section class=\"elementor-section elementor-top-section elementor-element elementor-element-85b4566 elementor-section-boxed elementor-section-height-default elementor-section-height-default\" data-id=\"85b4566\" data-element_type=\"section\">\n\t\t\t\t\t\t<div class=\"elementor-container elementor-column-gap-default\">\n\t\t\t\t\t<div class=\"elementor-column elementor-col-100 elementor-top-column elementor-element elementor-element-0ee0803\" data-id=\"0ee0803\" data-element_type=\"column\">\n\t\t\t<div class=\"elementor-widget-wrap elementor-element-populated\">\n\t\t\t\t\t\t\t\t<div class=\"elementor-element elementor-element-7aed0de elementor-widget elementor-widget-houzez_elementor_space\" data-id=\"7aed0de\" data-element_type=\"widget\" data-widget_type=\"houzez_elementor_space.default\">\n\t\t\t\t<div class=\"elementor-widget-container\">\n\t\t\t        <div class=\"houzez-spacer\">\n            <div class=\"houzez-spacer-inner\"><\/div>\n        <\/div>\n        \t\t<\/div>\n\t\t\t\t<\/div>\n\t\t\t\t\t<\/div>\n\t\t<\/div>\n\t\t\t\t\t\t\t<\/div>\n\t\t<\/section>\n\t\t\t\t\t\t\t<\/div>\n\t\t","protected":false},"excerpt":{"rendered":"<p>Chi sono Eugenio Farina, il consulente immobiliare con la passione per la poesia Un&#8217;esperienza di lungo corso prima come consulente del lavoro, agli esordi professionali dopo il diploma di geometra conseguito a Castiglione delle Stiviere, e in seguito come stimato e apprezzato consulente immobiliare, ruolo che gli ha consentito di avere clienti importanti da ogni [&hellip;]<\/p>\n","protected":false},"author":1,"featured_media":0,"parent":0,"menu_order":0,"comment_status":"closed","ping_status":"closed","template":"elementor_header_footer","meta":{"_mi_skip_tracking":false,"_monsterinsights_sitenote_active":false,"_monsterinsights_sitenote_note":"","_monsterinsights_sitenote_category":0,"footnotes":""},"class_list":["post-2106","page","type-page","status-publish","hentry"],"aioseo_notices":[],"_links":{"self":[{"href":"https:\/\/eugeniofarina.it\/index.php\/wp-json\/wp\/v2\/pages\/2106","targetHints":{"allow":["GET"]}}],"collection":[{"href":"https:\/\/eugeniofarina.it\/index.php\/wp-json\/wp\/v2\/pages"}],"about":[{"href":"https:\/\/eugeniofarina.it\/index.php\/wp-json\/wp\/v2\/types\/page"}],"author":[{"embeddable":true,"href":"https:\/\/eugeniofarina.it\/index.php\/wp-json\/wp\/v2\/users\/1"}],"replies":[{"embeddable":true,"href":"https:\/\/eugeniofarina.it\/index.php\/wp-json\/wp\/v2\/comments?post=2106"}],"version-history":[{"count":26,"href":"https:\/\/eugeniofarina.it\/index.php\/wp-json\/wp\/v2\/pages\/2106\/revisions"}],"predecessor-version":[{"id":4429,"href":"https:\/\/eugeniofarina.it\/index.php\/wp-json\/wp\/v2\/pages\/2106\/revisions\/4429"}],"wp:attachment":[{"href":"https:\/\/eugeniofarina.it\/index.php\/wp-json\/wp\/v2\/media?parent=2106"}],"curies":[{"name":"wp","href":"https:\/\/api.w.org\/{rel}","templated":true}]}}